{"id":381,"date":"2022-03-11T15:54:33","date_gmt":"2022-03-11T12:54:33","guid":{"rendered":"https:\/\/iisec.tbdakademi.org.tr\/2022\/?page_id=381"},"modified":"2024-10-16T14:52:39","modified_gmt":"2024-10-16T11:52:39","slug":"supporting-institutions","status":"publish","type":"page","link":"https:\/\/iisec.tbdakademi.org.tr\/2024\/supporting-institutions","title":{"rendered":"Supporting Institutions"},"content":{"rendered":"<h1><strong>Supporting Institutions and their Representatives<\/strong><\/h1>\n<h2><strong>Turkey<\/strong><\/h2>\n<p>Prof. Dr. \u00d6zay <strong>G\u00dcRTU\u011e<\/strong>, Maltepe University, TR<\/p>\n<p>Prof. Dr. Nizamettin <strong>AYDIN<\/strong>, Yildiz Technical University, TR<\/p>\n<p>Prof. Dr. A. Samet <strong>HASILO\u011eLU<\/strong>, \u0130stanbul Geli\u015fim University, TR<\/p>\n<p>Prof. Dr. Ali<strong> YAZICI<\/strong>, Atilim University, TR<\/p>\n<p>Prof. Dr. Mehmet \u00d6nder <strong>EFE<\/strong>, Hacettepe University, TR<\/p>\n<p>Prof. Dr. Murat <strong>KARABATAK<\/strong>, Firat University<\/p>\n<p>Assoc. Prof. Dr. \u015eeyda <strong>ERTEK\u0130N<\/strong>, Middle East Technical University<\/p>\n","protected":false},"excerpt":{"rendered":"<p>Supporting Institutions and their Representatives Turkey Prof. Dr. \u00d6zay G\u00dcRTU\u011e, Maltepe University, TR Prof. Dr. Nizamettin AYDIN, Yildiz Technical University, TR Prof. Dr. A. Samet HASILO\u011eLU,<span class=\"excerpt-hellip\"> [\u2026]<\/span><\/p>\n","protected":false},"author":3,"featured_media":0,"parent":0,"menu_order":0,"comment_status":"closed","ping_status":"closed","template":"","meta":{"footnotes":""},"class_list":["post-381","page","type-page","status-publish","hentry"],"_links":{"self":[{"href":"https:\/\/iisec.tbdakademi.org.tr\/2024\/wp-json\/wp\/v2\/pages\/381","targetHints":{"allow":["GET"]}}],"collection":[{"href":"https:\/\/iisec.tbdakademi.org.tr\/2024\/wp-json\/wp\/v2\/pages"}],"about":[{"href":"https:\/\/iisec.tbdakademi.org.tr\/2024\/wp-json\/wp\/v2\/types\/page"}],"author":[{"embeddable":true,"href":"https:\/\/iisec.tbdakademi.org.tr\/2024\/wp-json\/wp\/v2\/users\/3"}],"replies":[{"embeddable":true,"href":"https:\/\/iisec.tbdakademi.org.tr\/2024\/wp-json\/wp\/v2\/comments?post=381"}],"version-history":[{"count":12,"href":"https:\/\/iisec.tbdakademi.org.tr\/2024\/wp-json\/wp\/v2\/pages\/381\/revisions"}],"predecessor-version":[{"id":840,"href":"https:\/\/iisec.tbdakademi.org.tr\/2024\/wp-json\/wp\/v2\/pages\/381\/revisions\/840"}],"wp:attachment":[{"href":"https:\/\/iisec.tbdakademi.org.tr\/2024\/wp-json\/wp\/v2\/media?parent=381"}],"curies":[{"name":"wp","href":"https:\/\/api.w.org\/{rel}","templated":true}]}}