{"id":115,"date":"2021-04-03T16:23:11","date_gmt":"2021-04-03T13:23:11","guid":{"rendered":"http:\/\/ubymk.tbdakademi.org.tr\/2021\/?page_id=115"},"modified":"2024-10-14T21:45:06","modified_gmt":"2024-10-14T18:45:06","slug":"program","status":"publish","type":"page","link":"https:\/\/iisec.tbdakademi.org.tr\/2024\/program","title":{"rendered":"FINAL PROGRAM (22.12.2024)"},"content":{"rendered":"<h1>\u0130\u00c7ER\u0130K HAZIRLANIYOR<\/h1>\n","protected":false},"excerpt":{"rendered":"<p>\u0130\u00c7ER\u0130K HAZIRLANIYOR<\/p>\n","protected":false},"author":1,"featured_media":0,"parent":0,"menu_order":0,"comment_status":"closed","ping_status":"closed","template":"","meta":{"footnotes":""},"class_list":["post-115","page","type-page","status-publish","hentry"],"_links":{"self":[{"href":"https:\/\/iisec.tbdakademi.org.tr\/2024\/wp-json\/wp\/v2\/pages\/115","targetHints":{"allow":["GET"]}}],"collection":[{"href":"https:\/\/iisec.tbdakademi.org.tr\/2024\/wp-json\/wp\/v2\/pages"}],"about":[{"href":"https:\/\/iisec.tbdakademi.org.tr\/2024\/wp-json\/wp\/v2\/types\/page"}],"author":[{"embeddable":true,"href":"https:\/\/iisec.tbdakademi.org.tr\/2024\/wp-json\/wp\/v2\/users\/1"}],"replies":[{"embeddable":true,"href":"https:\/\/iisec.tbdakademi.org.tr\/2024\/wp-json\/wp\/v2\/comments?post=115"}],"version-history":[{"count":34,"href":"https:\/\/iisec.tbdakademi.org.tr\/2024\/wp-json\/wp\/v2\/pages\/115\/revisions"}],"predecessor-version":[{"id":834,"href":"https:\/\/iisec.tbdakademi.org.tr\/2024\/wp-json\/wp\/v2\/pages\/115\/revisions\/834"}],"wp:attachment":[{"href":"https:\/\/iisec.tbdakademi.org.tr\/2024\/wp-json\/wp\/v2\/media?parent=115"}],"curies":[{"name":"wp","href":"https:\/\/api.w.org\/{rel}","templated":true}]}}