{"id":730,"date":"2023-12-20T20:14:23","date_gmt":"2023-12-20T17:14:23","guid":{"rendered":"https:\/\/iisec.tbdakademi.org.tr\/2023\/?page_id=730"},"modified":"2023-12-20T20:14:23","modified_gmt":"2023-12-20T17:14:23","slug":"venue","status":"publish","type":"page","link":"https:\/\/iisec.tbdakademi.org.tr\/2023\/venue","title":{"rendered":"Venue"},"content":{"rendered":"<h3><strong>Adres:\u00a0<em>Bilgi Teknolojileri ve \u0130leti\u015fim Kurumu <\/em><\/strong><strong><em>Ankara<\/em>\u00a0B\u00f6lge M\u00fcd\u00fcrl\u00fc\u011f\u00fc. <\/strong><\/h3>\n<h3><strong>Eski\u015fehir Yolu 10.Km No:276 06530 \u00c7ankaya\/Ankara. <\/strong><\/h3>\n<h3><strong>Tel: (0312) 294 75 75.<\/strong><\/h3>\n<p>&nbsp;<\/p>\n","protected":false},"excerpt":{"rendered":"<p>Adres:\u00a0Bilgi Teknolojileri ve \u0130leti\u015fim Kurumu Ankara\u00a0B\u00f6lge M\u00fcd\u00fcrl\u00fc\u011f\u00fc. Eski\u015fehir Yolu 10.Km No:276 06530 \u00c7ankaya\/Ankara. Tel: (0312) 294 75 75. &nbsp;<\/p>\n","protected":false},"author":3,"featured_media":0,"parent":0,"menu_order":0,"comment_status":"closed","ping_status":"closed","template":"","meta":{"footnotes":""},"class_list":["post-730","page","type-page","status-publish","hentry"],"_links":{"self":[{"href":"https:\/\/iisec.tbdakademi.org.tr\/2023\/wp-json\/wp\/v2\/pages\/730","targetHints":{"allow":["GET"]}}],"collection":[{"href":"https:\/\/iisec.tbdakademi.org.tr\/2023\/wp-json\/wp\/v2\/pages"}],"about":[{"href":"https:\/\/iisec.tbdakademi.org.tr\/2023\/wp-json\/wp\/v2\/types\/page"}],"author":[{"embeddable":true,"href":"https:\/\/iisec.tbdakademi.org.tr\/2023\/wp-json\/wp\/v2\/users\/3"}],"replies":[{"embeddable":true,"href":"https:\/\/iisec.tbdakademi.org.tr\/2023\/wp-json\/wp\/v2\/comments?post=730"}],"version-history":[{"count":1,"href":"https:\/\/iisec.tbdakademi.org.tr\/2023\/wp-json\/wp\/v2\/pages\/730\/revisions"}],"predecessor-version":[{"id":733,"href":"https:\/\/iisec.tbdakademi.org.tr\/2023\/wp-json\/wp\/v2\/pages\/730\/revisions\/733"}],"wp:attachment":[{"href":"https:\/\/iisec.tbdakademi.org.tr\/2023\/wp-json\/wp\/v2\/media?parent=730"}],"curies":[{"name":"wp","href":"https:\/\/api.w.org\/{rel}","templated":true}]}}