{"id":397,"date":"2022-03-12T00:47:43","date_gmt":"2022-03-11T21:47:43","guid":{"rendered":"https:\/\/iisec.tbdakademi.org.tr\/2022\/?page_id=397"},"modified":"2023-03-19T01:20:27","modified_gmt":"2023-03-18T22:20:27","slug":"previous-conferences","status":"publish","type":"page","link":"https:\/\/iisec.tbdakademi.org.tr\/2023\/previous-conferences","title":{"rendered":"Previous Conferences"},"content":{"rendered":"<p>&nbsp;<\/p>\n<p><a href=\"https:\/\/iisec.tbdakademi.org.tr\/2022\/\">2022 3rd International Informatics and Software Engineering Conference, Informatics Association of T\u00fcrkiye (TBD), Orman Genel M\u00fcd\u00fcrl\u00fc\u011f\u00fc\/Ankara-T\u00fcrkiye (15-16 December 2022)<\/a><\/p>\n<p><a href=\"https:\/\/ubymk.tbdakademi.org.tr\/2021\/\">2021 2nd International Informatics and Software Engineering Conference, Informatics Association of Turkey (TBD), BTK\/Ankara-Turkey (16-17 December 2021)<\/a><\/p>\n<p><a href=\"https:\/\/ieeexplore.ieee.org\/xpl\/conhome\/8959514\/proceeding\">2019 1st International Informatics and Software Engineering Conference, Informatics Association of Turkey (TBD), BTK\/Ankara-Turkey (6-7 November 2019)<\/a><\/p>\n<p>&nbsp;<\/p>\n","protected":false},"excerpt":{"rendered":"<p>&nbsp; 2022 3rd International Informatics and Software Engineering Conference, Informatics Association of T\u00fcrkiye (TBD), Orman Genel M\u00fcd\u00fcrl\u00fc\u011f\u00fc\/Ankara-T\u00fcrkiye (15-16 December 2022) 2021 2nd International Informatics and Software<span class=\"excerpt-hellip\"> [\u2026]<\/span><\/p>\n","protected":false},"author":3,"featured_media":0,"parent":0,"menu_order":0,"comment_status":"closed","ping_status":"closed","template":"","meta":{"footnotes":""},"class_list":["post-397","page","type-page","status-publish","hentry"],"_links":{"self":[{"href":"https:\/\/iisec.tbdakademi.org.tr\/2023\/wp-json\/wp\/v2\/pages\/397","targetHints":{"allow":["GET"]}}],"collection":[{"href":"https:\/\/iisec.tbdakademi.org.tr\/2023\/wp-json\/wp\/v2\/pages"}],"about":[{"href":"https:\/\/iisec.tbdakademi.org.tr\/2023\/wp-json\/wp\/v2\/types\/page"}],"author":[{"embeddable":true,"href":"https:\/\/iisec.tbdakademi.org.tr\/2023\/wp-json\/wp\/v2\/users\/3"}],"replies":[{"embeddable":true,"href":"https:\/\/iisec.tbdakademi.org.tr\/2023\/wp-json\/wp\/v2\/comments?post=397"}],"version-history":[{"count":10,"href":"https:\/\/iisec.tbdakademi.org.tr\/2023\/wp-json\/wp\/v2\/pages\/397\/revisions"}],"predecessor-version":[{"id":622,"href":"https:\/\/iisec.tbdakademi.org.tr\/2023\/wp-json\/wp\/v2\/pages\/397\/revisions\/622"}],"wp:attachment":[{"href":"https:\/\/iisec.tbdakademi.org.tr\/2023\/wp-json\/wp\/v2\/media?parent=397"}],"curies":[{"name":"wp","href":"https:\/\/api.w.org\/{rel}","templated":true}]}}