{"id":381,"date":"2022-03-11T15:54:33","date_gmt":"2022-03-11T12:54:33","guid":{"rendered":"https:\/\/iisec.tbdakademi.org.tr\/2022\/?page_id=381"},"modified":"2023-03-19T00:03:07","modified_gmt":"2023-03-18T21:03:07","slug":"supporting-institutions","status":"publish","type":"page","link":"https:\/\/iisec.tbdakademi.org.tr\/2023\/supporting-institutions","title":{"rendered":"Supporting Institutions"},"content":{"rendered":"<h1><strong>Supporting Institutions and their Representatives<\/strong><\/h1>\n<p><strong>United States of America<\/strong><\/p>\n<p>Prof. Dr. Yusuf \u00d6zt\u00fcrk, San Diego University, US<\/p>\n<p>Prof. Dr. Cihan Varol, Sam Houston State University, US<\/p>\n<p>Prof. Dr. Anurag Srivastava, West Virginia University, US<\/p>\n<p>Prof. Dr. Ahad Nasab, The University of Tennessee at Chattanooga, TN, US<\/p>\n<h2><strong>Canada<\/strong><\/h2>\n<p>Prof. Dr. Hamadou <strong>Saliah-Hassane<\/strong>, TELUQ University, CA<\/p>\n<h2><strong>Turkey<\/strong><\/h2>\n<p>Prof. Dr. \u00d6zay G\u00fcrtu\u011f, Maltepe University, TR<\/p>\n<p>&nbsp;<\/p>\n<p>Prof. Dr. Nizamettin Ayd\u0131n, Yildiz Technical University, TR<\/p>\n<p>Prof. Dr. A. Samet Has\u0131lo\u011flu, \u0130stanbul Geli\u015fim University, TR<\/p>\n<p>Prof. Dr. Ali Yaz\u0131c\u0131, Atilim University, TR<\/p>\n<p>Prof. Dr. Mehmet \u00d6nder Efe, Hacettepe University, TR<\/p>\n<p>Prof. Dr. Murat Karabatak, Firat University<\/p>\n<p>Assoc. Prof. Dr. \u015eeyda Ertekin, Middle East Technical University<\/p>\n<h2><strong>Portugal<\/strong><\/h2>\n<p>Prof. Dr. Maria Manuela <strong>Cruz-Cunha<\/strong>, Polytechnic Institute of C\u00e1vado and\u00a0Ave, PT<\/p>\n<p>Nuno Coelho, ISLA Gaia, PT<\/p>\n<h2><strong>Belgium<\/strong><\/h2>\n<p>Assoc. Prof. Dr. Abdellah Touhafi, Vrije Universiteit Brussel, BE<\/p>\n","protected":false},"excerpt":{"rendered":"<p>Supporting Institutions and their Representatives United States of America Prof. Dr. Yusuf \u00d6zt\u00fcrk, San Diego University, US Prof. Dr. Cihan Varol, Sam Houston State University, US<span class=\"excerpt-hellip\"> [\u2026]<\/span><\/p>\n","protected":false},"author":3,"featured_media":0,"parent":0,"menu_order":0,"comment_status":"closed","ping_status":"closed","template":"","meta":{"footnotes":""},"class_list":["post-381","page","type-page","status-publish","hentry"],"_links":{"self":[{"href":"https:\/\/iisec.tbdakademi.org.tr\/2023\/wp-json\/wp\/v2\/pages\/381","targetHints":{"allow":["GET"]}}],"collection":[{"href":"https:\/\/iisec.tbdakademi.org.tr\/2023\/wp-json\/wp\/v2\/pages"}],"about":[{"href":"https:\/\/iisec.tbdakademi.org.tr\/2023\/wp-json\/wp\/v2\/types\/page"}],"author":[{"embeddable":true,"href":"https:\/\/iisec.tbdakademi.org.tr\/2023\/wp-json\/wp\/v2\/users\/3"}],"replies":[{"embeddable":true,"href":"https:\/\/iisec.tbdakademi.org.tr\/2023\/wp-json\/wp\/v2\/comments?post=381"}],"version-history":[{"count":9,"href":"https:\/\/iisec.tbdakademi.org.tr\/2023\/wp-json\/wp\/v2\/pages\/381\/revisions"}],"predecessor-version":[{"id":619,"href":"https:\/\/iisec.tbdakademi.org.tr\/2023\/wp-json\/wp\/v2\/pages\/381\/revisions\/619"}],"wp:attachment":[{"href":"https:\/\/iisec.tbdakademi.org.tr\/2023\/wp-json\/wp\/v2\/media?parent=381"}],"curies":[{"name":"wp","href":"https:\/\/api.w.org\/{rel}","templated":true}]}}